{"id":41,"date":"2021-08-26T11:53:19","date_gmt":"2021-08-26T09:53:19","guid":{"rendered":"https:\/\/www.djs.si\/nene2022\/?page_id=41"},"modified":"2023-03-15T06:39:06","modified_gmt":"2023-03-15T05:39:06","slug":"41-2","status":"publish","type":"page","link":"https:\/\/www.djs.si\/nene2022\/","title":{"rendered":"Conference overview"},"content":{"rendered":"\n<h3 class=\"wp-block-heading\">NENE2022 Conference Proceedings published<\/h3>\n\n\n\n<p><a href=\"https:\/\/www.djs.si\/nene2022\/proceedings\/htm\/nene2022.htm\">Link to the Proceedings<\/a>&nbsp;on the web, including:<\/p>\n\n\n\n<ul>\n<li>121 peer reviewed&nbsp;<a href=\"https:\/\/www.djs.si\/nene2022\/proceedings\/index.htm\">papers<\/a><\/li>\n\n\n\n<li>photographs&nbsp;from the venue<\/li>\n<\/ul>\n\n\n\n<figure class=\"wp-block-image size-large\"><img loading=\"lazy\" decoding=\"async\" width=\"1024\" height=\"517\" src=\"https:\/\/www.djs.si\/nene2022\/wp-content\/uploads\/2022\/09\/skupinska_NENE2022_web-1024x517.png\" alt=\"\" class=\"wp-image-572\" srcset=\"https:\/\/www.djs.si\/nene2022\/wp-content\/uploads\/2022\/09\/skupinska_NENE2022_web-1024x517.png 1024w, https:\/\/www.djs.si\/nene2022\/wp-content\/uploads\/2022\/09\/skupinska_NENE2022_web-300x151.png 300w, https:\/\/www.djs.si\/nene2022\/wp-content\/uploads\/2022\/09\/skupinska_NENE2022_web-768x387.png 768w, https:\/\/www.djs.si\/nene2022\/wp-content\/uploads\/2022\/09\/skupinska_NENE2022_web-1536x775.png 1536w, https:\/\/www.djs.si\/nene2022\/wp-content\/uploads\/2022\/09\/skupinska_NENE2022_web-2048x1033.png 2048w, https:\/\/www.djs.si\/nene2022\/wp-content\/uploads\/2022\/09\/skupinska_NENE2022_web-1560x787.png 1560w\" sizes=\"(max-width: 1024px) 100vw, 1024px\" \/><\/figure>\n\n\n\n<p>The 31<sup>st<\/sup>\u00a0International Conference Nuclear Energy for New Europe brought together\u00a0<strong>219 participants<\/strong>\u00a0from\u00a0<strong>18 countries<\/strong>.<\/p>\n\n\n\n<p>Highlights of the conference were:<\/p>\n\n\n\n<ul>\n<li><strong>3&nbsp;invited lectures<\/strong>&nbsp;and<\/li>\n\n\n\n<li><strong><a href=\"https:\/\/www.djs.si\/nene2022\/contents-htm\/\">132 papers<\/a><\/strong>&nbsp;were presented: 42 papers presented orally and 90 papers presented as posters.<\/li>\n<\/ul>\n\n\n\n<p>We would like to express our sincere appreciation to the invited lecturers and authors for their excellent contributions. Special thanks go to the members of the Program committee, who solicited papers and elaborated the conference program.<\/p>\n\n\n\n<p>We kept also the conference tradition and organized the Young authors contest. We would like to thank 23 young authors from 9 countries who participated in the contest. Special thanks go to the members of the Young author award committee who diligently worked through the excellent papers.<\/p>\n\n\n\n<p><strong>The young author awards<\/strong>&nbsp;were given to:<\/p>\n\n\n\n<ul>\n<li><strong>Domen Kotnik<\/strong>&nbsp;for the paper&nbsp;<em>\u201c<a href=\"https:\/\/www.djs.si\/nene2022\/contents-htm\/#7665\">Analysis of water activation loop at the JSI TRIGA research reactor<\/a>\u201d<\/em>, co-authored by Anil Kumar Basavaraj, Igor Lengar<\/li>\n<\/ul>\n\n\n\n<p>and<\/p>\n\n\n\n<ul>\n<li><strong>Silvia Lo Muzio<\/strong>&nbsp;for the paper&nbsp;<em>\u201c<a href=\"https:\/\/www.djs.si\/nene2022\/contents-htm\/#7744\">Implementation and validation of the steady state SP3 approximation in the GRS FENNECS code<\/a>\u201d<\/em>, co-authored by Armin Seubert<\/li>\n<\/ul>\n\n\n\n<p>Following the tradition of previous meetings we have also organized the Best poster award. We also thank the members of the Best poster award committee who evaluated the posters according to clearness of objectives, results and conclusions, aesthetics and attractiveness, as well as according to scientific relevance.<\/p>\n\n\n\n<p><strong>The best poster awards<\/strong>&nbsp;were given to posters entitled:<\/p>\n\n\n\n<ul>\n<li><em>\u201c<a href=\"https:\/\/www.djs.si\/nene2022\/wp-admin\/Contents.htm#7818\">Analysis of the void coefficient in Pavia TRIGA Mark-II reactor: Monte Carlo numerical evaluation and comparison with experimental data<\/a>\u201d<\/em>&nbsp;by Riccardo Boccelli, Antonio Cammi, Carolina Introini, Stefano Lorenzi; <\/li>\n<\/ul>\n\n\n\n<p>and<\/p>\n\n\n\n<ul>\n<li><em>\u201c<\/em><a href=\"https:\/\/www.djs.si\/nene2022\/contents-htm\/#7811\"><em>Common misconceptions about nuclear energy &#8211; case study from interactions in visitors center<\/em><\/a><em>\u201d<\/em> by Jure Jazbin\u0161ek, Garsia Kosinac, Melita Leno\u0161ek Kav\u010di\u010d, Toma\u017e \u017dagar<\/li>\n<\/ul>\n\n\n\n<p>Finally, we would also like to recognize the support of the&nbsp;<a href=\"http:\/\/www.djs.si\/\">Nuclear Society of Slovenia<\/a>&nbsp;and the&nbsp;<a rel=\"noreferrer noopener\" href=\"http:\/\/www.icjt.org\/en\/\" target=\"_blank\">Nuclear Training Centre (ICJT)<\/a>&nbsp;of the&nbsp;<a rel=\"noreferrer noopener\" href=\"http:\/\/www.ijs.si\/ijsw\/JSI\" target=\"_blank\">Jo\u017eef Stefan Institute<\/a>&nbsp;as the co-organizers and the support of our&nbsp;<a href=\"https:\/\/www.djs.si\/nene2022\/sponsors\/\">sponsors<\/a>.<\/p>\n\n\n\n<p><strong>Opening of the 31<sup>st<\/sup>&nbsp;International Conference Nuclear Energy for New Europe<\/strong><\/p>\n\n\n\n<p>The Nuclear Society of Slovenia in association with the Jo\u017eef Stefan Institute, Nuclear Training Centre (ICJT), has opened the 31<sup>st<\/sup>&nbsp;International Conference Nuclear Energy for New Europe.<\/p>\n\n\n\n<figure class=\"wp-block-gallery has-nested-images columns-default is-cropped wp-block-gallery-1 is-layout-flex wp-block-gallery-is-layout-flex\">\n<figure class=\"wp-block-image size-large is-style-default\"><img loading=\"lazy\" decoding=\"async\" width=\"1024\" height=\"683\" data-id=\"579\" src=\"https:\/\/www.djs.si\/nene2022\/wp-content\/uploads\/2022\/09\/5B2A2947-1024x683.jpg\" alt=\"\" class=\"wp-image-579\" srcset=\"https:\/\/www.djs.si\/nene2022\/wp-content\/uploads\/2022\/09\/5B2A2947-1024x683.jpg 1024w, https:\/\/www.djs.si\/nene2022\/wp-content\/uploads\/2022\/09\/5B2A2947-300x200.jpg 300w, https:\/\/www.djs.si\/nene2022\/wp-content\/uploads\/2022\/09\/5B2A2947-768x512.jpg 768w, https:\/\/www.djs.si\/nene2022\/wp-content\/uploads\/2022\/09\/5B2A2947-1536x1024.jpg 1536w, https:\/\/www.djs.si\/nene2022\/wp-content\/uploads\/2022\/09\/5B2A2947-2048x1366.jpg 2048w, https:\/\/www.djs.si\/nene2022\/wp-content\/uploads\/2022\/09\/5B2A2947-1560x1040.jpg 1560w\" sizes=\"(max-width: 1024px) 100vw, 1024px\" \/><figcaption class=\"wp-element-caption\">dr. Igor Jen\u010di\u010d, chair program committee NENE2022<\/figcaption><\/figure>\n\n\n\n<figure class=\"wp-block-image size-large\"><img loading=\"lazy\" decoding=\"async\" width=\"1024\" height=\"683\" data-id=\"576\" src=\"https:\/\/www.djs.si\/nene2022\/wp-content\/uploads\/2022\/09\/5B2A3004-1024x683.jpg\" alt=\"\" class=\"wp-image-576\" srcset=\"https:\/\/www.djs.si\/nene2022\/wp-content\/uploads\/2022\/09\/5B2A3004-1024x683.jpg 1024w, https:\/\/www.djs.si\/nene2022\/wp-content\/uploads\/2022\/09\/5B2A3004-300x200.jpg 300w, https:\/\/www.djs.si\/nene2022\/wp-content\/uploads\/2022\/09\/5B2A3004-768x512.jpg 768w, https:\/\/www.djs.si\/nene2022\/wp-content\/uploads\/2022\/09\/5B2A3004-1536x1024.jpg 1536w, https:\/\/www.djs.si\/nene2022\/wp-content\/uploads\/2022\/09\/5B2A3004-2048x1366.jpg 2048w, https:\/\/www.djs.si\/nene2022\/wp-content\/uploads\/2022\/09\/5B2A3004-1560x1040.jpg 1560w\" sizes=\"(max-width: 1024px) 100vw, 1024px\" \/><figcaption class=\"wp-element-caption\">dr. Toma\u017e \u017dagar, president of NSS<\/figcaption><\/figure>\n\n\n\n<figure class=\"wp-block-image size-large\"><img loading=\"lazy\" decoding=\"async\" width=\"1024\" height=\"683\" data-id=\"575\" src=\"https:\/\/www.djs.si\/nene2022\/wp-content\/uploads\/2022\/09\/5B2A2953-1024x683.jpg\" alt=\"\" class=\"wp-image-575\" srcset=\"https:\/\/www.djs.si\/nene2022\/wp-content\/uploads\/2022\/09\/5B2A2953-1024x683.jpg 1024w, https:\/\/www.djs.si\/nene2022\/wp-content\/uploads\/2022\/09\/5B2A2953-300x200.jpg 300w, https:\/\/www.djs.si\/nene2022\/wp-content\/uploads\/2022\/09\/5B2A2953-768x512.jpg 768w, https:\/\/www.djs.si\/nene2022\/wp-content\/uploads\/2022\/09\/5B2A2953-1536x1024.jpg 1536w, https:\/\/www.djs.si\/nene2022\/wp-content\/uploads\/2022\/09\/5B2A2953-2048x1366.jpg 2048w, https:\/\/www.djs.si\/nene2022\/wp-content\/uploads\/2022\/09\/5B2A2953-1560x1040.jpg 1560w\" sizes=\"(max-width: 1024px) 100vw, 1024px\" \/><\/figure>\n\n\n\n<figure class=\"wp-block-image size-large\"><img loading=\"lazy\" decoding=\"async\" width=\"1024\" height=\"683\" data-id=\"577\" src=\"https:\/\/www.djs.si\/nene2022\/wp-content\/uploads\/2022\/09\/5B2A2958-1024x683.jpg\" alt=\"\" class=\"wp-image-577\" srcset=\"https:\/\/www.djs.si\/nene2022\/wp-content\/uploads\/2022\/09\/5B2A2958-1024x683.jpg 1024w, https:\/\/www.djs.si\/nene2022\/wp-content\/uploads\/2022\/09\/5B2A2958-300x200.jpg 300w, https:\/\/www.djs.si\/nene2022\/wp-content\/uploads\/2022\/09\/5B2A2958-768x512.jpg 768w, https:\/\/www.djs.si\/nene2022\/wp-content\/uploads\/2022\/09\/5B2A2958-1536x1024.jpg 1536w, https:\/\/www.djs.si\/nene2022\/wp-content\/uploads\/2022\/09\/5B2A2958-2048x1366.jpg 2048w, https:\/\/www.djs.si\/nene2022\/wp-content\/uploads\/2022\/09\/5B2A2958-1560x1040.jpg 1560w\" sizes=\"(max-width: 1024px) 100vw, 1024px\" \/><\/figure>\n\n\n\n<figure class=\"wp-block-image size-large\"><img loading=\"lazy\" decoding=\"async\" width=\"1024\" height=\"683\" data-id=\"574\" src=\"https:\/\/www.djs.si\/nene2022\/wp-content\/uploads\/2022\/09\/5B2A2981-1024x683.jpg\" alt=\"\" class=\"wp-image-574\" srcset=\"https:\/\/www.djs.si\/nene2022\/wp-content\/uploads\/2022\/09\/5B2A2981-1024x683.jpg 1024w, https:\/\/www.djs.si\/nene2022\/wp-content\/uploads\/2022\/09\/5B2A2981-300x200.jpg 300w, https:\/\/www.djs.si\/nene2022\/wp-content\/uploads\/2022\/09\/5B2A2981-768x512.jpg 768w, https:\/\/www.djs.si\/nene2022\/wp-content\/uploads\/2022\/09\/5B2A2981-1536x1024.jpg 1536w, https:\/\/www.djs.si\/nene2022\/wp-content\/uploads\/2022\/09\/5B2A2981-2048x1366.jpg 2048w, https:\/\/www.djs.si\/nene2022\/wp-content\/uploads\/2022\/09\/5B2A2981-1560x1040.jpg 1560w\" sizes=\"(max-width: 1024px) 100vw, 1024px\" \/><figcaption class=\"wp-element-caption\">mr. Jo\u017ee Dimnik, Ministry of Infrastructure<\/figcaption><\/figure>\n\n\n\n<figure class=\"wp-block-image size-large\"><img loading=\"lazy\" decoding=\"async\" width=\"1024\" height=\"683\" data-id=\"578\" src=\"https:\/\/www.djs.si\/nene2022\/wp-content\/uploads\/2022\/09\/5B2A2987-1024x683.jpg\" alt=\"\" class=\"wp-image-578\" srcset=\"https:\/\/www.djs.si\/nene2022\/wp-content\/uploads\/2022\/09\/5B2A2987-1024x683.jpg 1024w, https:\/\/www.djs.si\/nene2022\/wp-content\/uploads\/2022\/09\/5B2A2987-300x200.jpg 300w, https:\/\/www.djs.si\/nene2022\/wp-content\/uploads\/2022\/09\/5B2A2987-768x512.jpg 768w, https:\/\/www.djs.si\/nene2022\/wp-content\/uploads\/2022\/09\/5B2A2987-1536x1024.jpg 1536w, https:\/\/www.djs.si\/nene2022\/wp-content\/uploads\/2022\/09\/5B2A2987-2048x1366.jpg 2048w, https:\/\/www.djs.si\/nene2022\/wp-content\/uploads\/2022\/09\/5B2A2987-1560x1040.jpg 1560w\" sizes=\"(max-width: 1024px) 100vw, 1024px\" \/><figcaption class=\"wp-element-caption\">dr. Leon Cizelj, president of ENS<\/figcaption><\/figure>\n<\/figure>\n","protected":false},"excerpt":{"rendered":"<p>NENE2022 Conference Proceedings published Link to the Proceedings&nbsp;on the web, including: The 31st\u00a0International Conference Nuclear Energy for New Europe brought together\u00a0219 participants\u00a0from\u00a018 countries. Highlights of the conference were: We would like to express our sincere appreciation to the invited lecturers and authors for their excellent contributions. Special thanks go to the members of the Program&hellip; <\/p>\n<div class=\"readmore-wrapper\"><a href=\"https:\/\/www.djs.si\/nene2022\/\" class=\"more-link\">Read <\/a><\/div>\n","protected":false},"author":1,"featured_media":0,"parent":0,"menu_order":0,"comment_status":"closed","ping_status":"closed","template":"","meta":{"content-type":"","footnotes":""},"_links":{"self":[{"href":"https:\/\/www.djs.si\/nene2022\/wp-json\/wp\/v2\/pages\/41"}],"collection":[{"href":"https:\/\/www.djs.si\/nene2022\/wp-json\/wp\/v2\/pages"}],"about":[{"href":"https:\/\/www.djs.si\/nene2022\/wp-json\/wp\/v2\/types\/page"}],"author":[{"embeddable":true,"href":"https:\/\/www.djs.si\/nene2022\/wp-json\/wp\/v2\/users\/1"}],"replies":[{"embeddable":true,"href":"https:\/\/www.djs.si\/nene2022\/wp-json\/wp\/v2\/comments?post=41"}],"version-history":[{"count":24,"href":"https:\/\/www.djs.si\/nene2022\/wp-json\/wp\/v2\/pages\/41\/revisions"}],"predecessor-version":[{"id":657,"href":"https:\/\/www.djs.si\/nene2022\/wp-json\/wp\/v2\/pages\/41\/revisions\/657"}],"wp:attachment":[{"href":"https:\/\/www.djs.si\/nene2022\/wp-json\/wp\/v2\/media?parent=41"}],"curies":[{"name":"wp","href":"https:\/\/api.w.org\/{rel}","templated":true}]}}