{"id":122,"date":"2021-12-27T10:19:05","date_gmt":"2021-12-27T09:19:05","guid":{"rendered":"https:\/\/www.djs.si\/nene2022\/?page_id=122"},"modified":"2022-08-04T11:32:12","modified_gmt":"2022-08-04T09:32:12","slug":"how-to-get-there","status":"publish","type":"page","link":"https:\/\/www.djs.si\/nene2022\/how-to-get-there\/","title":{"rendered":"HOW TO GET THERE"},"content":{"rendered":"\n<p>If you need additional information, feel free to contact us. The organizer is not responsible for travel arrangements.<\/p>\n\n\n\n<h2 class=\"wp-block-heading\" id=\"by-plane\">By plane<\/h2>\n\n\n\n<p>The&nbsp;<a href=\"https:\/\/www.lju-airport.si\/en\/\" target=\"_blank\" rel=\"noreferrer noopener\">Ljubljana Jo\u017ee Pu\u010dnik Airport<\/a>&nbsp;(LJU) has good connections with airports in Europe.<\/p>\n\n\n\n<p>From&nbsp;<a href=\"https:\/\/www.lju-airport.si\/en\/\" target=\"_blank\" rel=\"noreferrer noopener\">Ljubljana Jo\u017ee Pu\u010dnik Airport<\/a>&nbsp;(LJU):<\/p>\n\n\n\n<ul><li>by hotel transfer, taxi, bus, train to Portoro\u017e;<\/li><li>There are also other transportation options. Click&nbsp;<a href=\"https:\/\/www.lju-airport.si\/en\/transport\/\" target=\"_blank\" rel=\"noreferrer noopener\">here<\/a>&nbsp;to get more information.<\/li><\/ul>\n\n\n\n<p>From&nbsp;<a target=\"_blank\" href=\"http:\/\/www.aeroporto.fvg.it\/\" rel=\"noreferrer noopener\">Trieste Airport<\/a>:<\/p>\n\n\n\n<ul><li>by hotel transfer, taxi or bus to Portoro\u017e.<\/li><\/ul>\n\n\n\n<h2 class=\"wp-block-heading\" id=\"by-train\">By train<\/h2>\n\n\n\n<p><a href=\"https:\/\/potniski.sz.si\/en\/\" data-type=\"URL\" target=\"_blank\" rel=\"noreferrer noopener\">From Ljubljana to Koper<\/a>.<br>From Koper railway station take a local bus to Portoro\u017e. The&nbsp;<strong>bus timetables<\/strong>&nbsp;are available&nbsp;<a href=\"https:\/\/arriva.si\/en\/\" target=\"_blank\" rel=\"noreferrer noopener\">here<\/a>.<\/p>\n\n\n\n<h2 class=\"wp-block-heading\" id=\"by-bus\">By bus<\/h2>\n\n\n\n<p>From&nbsp;<a href=\"https:\/\/www.ap-ljubljana.si\/en\/\" target=\"_blank\" rel=\"noreferrer noopener\">Ljubljana<\/a>, <a href=\"https:\/\/arriva.si\/en\/\" target=\"_blank\" rel=\"noreferrer noopener\">Koper<\/a>&nbsp;or&nbsp;<a rel=\"noreferrer noopener\" href=\"https:\/\/www.autostazionetrieste.it\/en-us?option=com_content&amp;task=view&amp;id=11&amp;Itemid=0\" target=\"_blank\">Trieste<\/a><\/p>\n\n\n\n<h2 class=\"wp-block-heading\" id=\"by-car\">By car<\/h2>\n\n\n\n<p>From North (Vienna, Graz, Villach, M\u00fcnchen) and East (Zagreb, Budapest) drive to Ljubljana and continue towards Koper and Portoro\u017e.<\/p>\n\n\n\n<p>From West drive to Trieste and continue to Koper and Portoro\u017e.<\/p>\n","protected":false},"excerpt":{"rendered":"<p>If you need additional information, feel free to contact us. The organizer is not responsible for travel arrangements. By plane The&nbsp;Ljubljana Jo\u017ee Pu\u010dnik Airport&nbsp;(LJU) has good connections with airports in Europe. From&nbsp;Ljubljana Jo\u017ee Pu\u010dnik Airport&nbsp;(LJU): by hotel transfer, taxi, bus, train to Portoro\u017e; There are also other transportation options. Click&nbsp;here&nbsp;to get more information. From&nbsp;Trieste Airport:&hellip; <\/p>\n<div class=\"readmore-wrapper\"><a href=\"https:\/\/www.djs.si\/nene2022\/how-to-get-there\/\" class=\"more-link\">Read <\/a><\/div>\n","protected":false},"author":1,"featured_media":0,"parent":0,"menu_order":0,"comment_status":"closed","ping_status":"closed","template":"","meta":{"content-type":"","footnotes":""},"_links":{"self":[{"href":"https:\/\/www.djs.si\/nene2022\/wp-json\/wp\/v2\/pages\/122"}],"collection":[{"href":"https:\/\/www.djs.si\/nene2022\/wp-json\/wp\/v2\/pages"}],"about":[{"href":"https:\/\/www.djs.si\/nene2022\/wp-json\/wp\/v2\/types\/page"}],"author":[{"embeddable":true,"href":"https:\/\/www.djs.si\/nene2022\/wp-json\/wp\/v2\/users\/1"}],"replies":[{"embeddable":true,"href":"https:\/\/www.djs.si\/nene2022\/wp-json\/wp\/v2\/comments?post=122"}],"version-history":[{"count":4,"href":"https:\/\/www.djs.si\/nene2022\/wp-json\/wp\/v2\/pages\/122\/revisions"}],"predecessor-version":[{"id":389,"href":"https:\/\/www.djs.si\/nene2022\/wp-json\/wp\/v2\/pages\/122\/revisions\/389"}],"wp:attachment":[{"href":"https:\/\/www.djs.si\/nene2022\/wp-json\/wp\/v2\/media?parent=122"}],"curies":[{"name":"wp","href":"https:\/\/api.w.org\/{rel}","templated":true}]}}