{"id":108,"date":"2021-12-27T08:45:29","date_gmt":"2021-12-27T07:45:29","guid":{"rendered":"https:\/\/www.djs.si\/nene2022\/?page_id=108"},"modified":"2022-09-08T09:25:49","modified_gmt":"2022-09-08T07:25:49","slug":"committees","status":"publish","type":"page","link":"https:\/\/www.djs.si\/nene2022\/committees\/","title":{"rendered":"COMMITTEES"},"content":{"rendered":"\n<p>Members of the committees are listed in alphabetic order.<\/p>\n\n\n\n<h2 class=\"wp-block-heading\" id=\"program-committee\"><a><\/a>Program committee<\/h2>\n\n\n\n<figure class=\"wp-block-table\"><table><tbody><tr><td><strong>Chair: Igor Jen\u010di\u010d, Slovenia<\/strong><br><br>Helmuth B\u00f6ck, Austria<br>Leon Cizelj, Slovenia<br>Mich\u00e8le Coeck, Belgium<br>G\u00e9rard Cognet, France<br>Nikola \u010cavlina, Croatia<br>Marko \u010cepin, Slovenia<br>\u0160tefan \u010cerba, Slovakia<br>Francesco D\u2019Auria, Italy<br>Christophe Destouches, France<br>Antonella Di Trapani, OECD NEA<br>Milorad Du\u0161i\u0107, Austria<br>Francisco Javier Elorza, Spain<br>Michel Giot, Belgium<br>Davor Grgi\u0107, Croatia<br>Pavlin Groudev, Bulgaria<br>Toma\u017e Gyergyek, Slovenia<br>Yassin A. Hassan, USA<br>Gonzalo Jim\u00e9nez Varas, Spain<br>John E. Kelly, USA<br>Ivo Kljenak, Slovenia<br>Ivan Alexander Kodeli, UK<br>Bo\u0161tjan Kon\u010dar, Slovenia<br>Bo\u017eidar Krajnc, Slovenia<br>Eileen Langegger, Austria<br>Gabriel Lazaro Pavel, ENEN<\/td><td><br>Jaakko Leppanen, Finland<br>Matja\u017e Leskovar, Slovenia<br>Danijel Levi\u010dar, Slovenia<br>Rosa Lo Frano, Italy<br>Abdallah Lyoussi, France<br>Borut Mavko, Slovenia<br>Elia Merzari, USA<br>Pascal Piluso, France<br>Igor Pioro, Canada<br>Igor Simonovski, EC DG JRC<br>Igor Sirc, Slovenia<br>Luka Snoj, Slovenia<br>Joerg Starflinger, Germany<br>Uwe Stoll, Germany<br>Andrej Stritar, Slovenia<br>Radek \u0160koda, Czech republic<br>Iztok Tiselj, Slovenia<br>Andrej Trkov, Slovenia<br>Walter Tromm, Germany<br>Sean Tyson, USA<br>Timothy E. Valentine, USA<br>Branislav Vrban, Slovakia<br>Toma\u017e \u017dagar, Slovenia<br>Nadja \u017deleznik, Slovenia<br><\/td><\/tr><\/tbody><\/table><\/figure>\n\n\n\n<h2 class=\"wp-block-heading\" id=\"organizing-committee\">Organizing committee<\/h2>\n\n\n\n<figure class=\"wp-block-table\"><table><tbody><tr><td><strong>Chair: Mateja Ju\u017enik, Slovenia<\/strong><br><br>Sa\u0161a Bobi\u010d, Slovenia<br>Borut Mavec, Slovenia<br>Toma\u017e Skobe, Slovenia<br>Vesna Slapar Bori\u0161ek, Slovenia<br>Bojan \u017defran, Slovenia<\/td><td><br><br><br><\/td><\/tr><\/tbody><\/table><\/figure>\n\n\n\n<h2 class=\"wp-block-heading\" id=\"organizing-committee\">Young author award committee<\/h2>\n\n\n\n<figure class=\"wp-block-table\"><table><tbody><tr><td><strong>Chair: Andrej Trkov, Slovenia<\/strong><br><br>Davor Grgi\u0107, Croatia<br>Rosa Lo Frano, Italy<br>Luka \u0160trubelj, Slovenia<br><\/td><td><br><\/td><\/tr><\/tbody><\/table><\/figure>\n\n\n\n<h2 class=\"wp-block-heading\" id=\"organizing-committee\">Best poster award committee<\/h2>\n\n\n\n<figure class=\"wp-block-table\"><table><tbody><tr><td><strong>Chair: Ivo Kljenak, Slovenia<\/strong><br><br>Roberta Cirillo, Belgium<br>Igor Lengar, Slovenia<br>Gerard Cognet, France<\/td><td><br><\/td><\/tr><\/tbody><\/table><\/figure>\n","protected":false},"excerpt":{"rendered":"<p>Members of the committees are listed in alphabetic order. Program committee Chair: Igor Jen\u010di\u010d, Slovenia Helmuth B\u00f6ck, AustriaLeon Cizelj, SloveniaMich\u00e8le Coeck, BelgiumG\u00e9rard Cognet, FranceNikola \u010cavlina, CroatiaMarko \u010cepin, Slovenia\u0160tefan \u010cerba, SlovakiaFrancesco D\u2019Auria, ItalyChristophe Destouches, FranceAntonella Di Trapani, OECD NEAMilorad Du\u0161i\u0107, AustriaFrancisco Javier Elorza, SpainMichel Giot, BelgiumDavor Grgi\u0107, CroatiaPavlin Groudev, BulgariaToma\u017e Gyergyek, SloveniaYassin A. Hassan, USAGonzalo Jim\u00e9nez&hellip; <\/p>\n<div class=\"readmore-wrapper\"><a href=\"https:\/\/www.djs.si\/nene2022\/committees\/\" class=\"more-link\">Read <\/a><\/div>\n","protected":false},"author":1,"featured_media":0,"parent":0,"menu_order":0,"comment_status":"closed","ping_status":"closed","template":"","meta":{"content-type":"","footnotes":""},"_links":{"self":[{"href":"https:\/\/www.djs.si\/nene2022\/wp-json\/wp\/v2\/pages\/108"}],"collection":[{"href":"https:\/\/www.djs.si\/nene2022\/wp-json\/wp\/v2\/pages"}],"about":[{"href":"https:\/\/www.djs.si\/nene2022\/wp-json\/wp\/v2\/types\/page"}],"author":[{"embeddable":true,"href":"https:\/\/www.djs.si\/nene2022\/wp-json\/wp\/v2\/users\/1"}],"replies":[{"embeddable":true,"href":"https:\/\/www.djs.si\/nene2022\/wp-json\/wp\/v2\/comments?post=108"}],"version-history":[{"count":7,"href":"https:\/\/www.djs.si\/nene2022\/wp-json\/wp\/v2\/pages\/108\/revisions"}],"predecessor-version":[{"id":554,"href":"https:\/\/www.djs.si\/nene2022\/wp-json\/wp\/v2\/pages\/108\/revisions\/554"}],"wp:attachment":[{"href":"https:\/\/www.djs.si\/nene2022\/wp-json\/wp\/v2\/media?parent=108"}],"curies":[{"name":"wp","href":"https:\/\/api.w.org\/{rel}","templated":true}]}}